{"id":4332,"date":"2025-08-29T15:52:00","date_gmt":"2025-08-29T18:52:00","guid":{"rendered":"https:\/\/mdcenergia.com.br\/?page_id=4332"},"modified":"2026-03-24T09:55:24","modified_gmt":"2026-03-24T12:55:24","slug":"rignrmaua","status":"publish","type":"page","link":"https:\/\/mdcenergia.com.br\/en\/rignrmaua\/","title":{"rendered":"Rela\u00e7\u00e3o com Investidor &#8211; GNR Mau\u00e1"},"content":{"rendered":"\t\t<div data-elementor-type=\"wp-page\" data-elementor-id=\"4332\" class=\"elementor elementor-4332\" data-elementor-post-type=\"page\">\n\t\t\t\t\t\t<section class=\"has_ae_slider elementor-section elementor-top-section elementor-element elementor-element-f245aff elementor-section-height-min-height elementor-section-boxed elementor-section-height-default elementor-section-items-middle ae-bg-gallery-type-default\" data-id=\"f245aff\" data-element_type=\"section\" data-e-type=\"section\" data-settings=\"{&quot;background_background&quot;:&quot;classic&quot;,&quot;jet_parallax_layout_list&quot;:[{&quot;jet_parallax_layout_image&quot;:{&quot;url&quot;:&quot;&quot;,&quot;id&quot;:&quot;&quot;,&quot;size&quot;:&quot;&quot;},&quot;_id&quot;:&quot;48c506d&quot;,&quot;jet_parallax_layout_image_tablet&quot;:{&quot;url&quot;:&quot;&quot;,&quot;id&quot;:&quot;&quot;,&quot;size&quot;:&quot;&quot;},&quot;jet_parallax_layout_image_mobile&quot;:{&quot;url&quot;:&quot;&quot;,&quot;id&quot;:&quot;&quot;,&quot;size&quot;:&quot;&quot;},&quot;jet_parallax_layout_speed&quot;:{&quot;unit&quot;:&quot;%&quot;,&quot;size&quot;:50,&quot;sizes&quot;:[]},&quot;jet_parallax_layout_type&quot;:&quot;scroll&quot;,&quot;jet_parallax_layout_direction&quot;:&quot;1&quot;,&quot;jet_parallax_layout_fx_direction&quot;:null,&quot;jet_parallax_layout_z_index&quot;:&quot;&quot;,&quot;jet_parallax_layout_bg_x&quot;:50,&quot;jet_parallax_layout_bg_x_tablet&quot;:&quot;&quot;,&quot;jet_parallax_layout_bg_x_mobile&quot;:&quot;&quot;,&quot;jet_parallax_layout_bg_y&quot;:50,&quot;jet_parallax_layout_bg_y_tablet&quot;:&quot;&quot;,&quot;jet_parallax_layout_bg_y_mobile&quot;:&quot;&quot;,&quot;jet_parallax_layout_bg_size&quot;:&quot;auto&quot;,&quot;jet_parallax_layout_bg_size_tablet&quot;:&quot;&quot;,&quot;jet_parallax_layout_bg_size_mobile&quot;:&quot;&quot;,&quot;jet_parallax_layout_animation_prop&quot;:&quot;transform&quot;,&quot;jet_parallax_layout_on&quot;:[&quot;desktop&quot;,&quot;tablet&quot;]}]}\">\n\t\t\t\t\t\t\t<div class=\"elementor-background-overlay\"><\/div>\n\t\t\t\t\t\t\t<div class=\"elementor-container elementor-column-gap-default\">\n\t\t\t\t\t<div class=\"has_ae_slider elementor-column elementor-col-50 elementor-top-column elementor-element elementor-element-9b6b193 ae-bg-gallery-type-default\" data-id=\"9b6b193\" data-element_type=\"column\" data-e-type=\"column\">\n\t\t\t<div class=\"elementor-widget-wrap elementor-element-populated\">\n\t\t\t\t\t\t<div class=\"elementor-element elementor-element-fcd5342 elementor-widget elementor-widget-heading\" data-id=\"fcd5342\" data-element_type=\"widget\" data-e-type=\"widget\" data-widget_type=\"heading.default\">\n\t\t\t\t<div class=\"elementor-widget-container\">\n\t\t\t\t\t<h1 class=\"elementor-heading-title elementor-size-default\">Rela\u00e7\u00e3o com Investidor - GNR Mau\u00e1<\/h1>\t\t\t\t<\/div>\n\t\t\t\t<\/div>\n\t\t\t\t<div class=\"elementor-element elementor-element-731dac1 elementor-widget-divider--view-line elementor-widget elementor-widget-divider\" data-id=\"731dac1\" data-element_type=\"widget\" data-e-type=\"widget\" data-widget_type=\"divider.default\">\n\t\t\t\t<div class=\"elementor-widget-container\">\n\t\t\t\t\t\t\t<div class=\"elementor-divider\">\n\t\t\t<span class=\"elementor-divider-separator\">\n\t\t\t\t\t\t<\/span>\n\t\t<\/div>\n\t\t\t\t\t\t<\/div>\n\t\t\t\t<\/div>\n\t\t\t\t<div class=\"elementor-element elementor-element-169a334 elementor-widget elementor-widget-text-editor\" data-id=\"169a334\" data-element_type=\"widget\" data-e-type=\"widget\" data-widget_type=\"text-editor.default\">\n\t\t\t\t<div class=\"elementor-widget-container\">\n\t\t\t\t\t\t\t\t\t<p>Projeto de purifica\u00e7\u00e3o de biometano localizado em S\u00e3o Paulo e fruto de uma parceria entre MDC Energia e Grupo Lara.<\/p>\t\t\t\t\t\t\t\t<\/div>\n\t\t\t\t<\/div>\n\t\t\t\t\t<\/div>\n\t\t<\/div>\n\t\t\t\t<div class=\"has_ae_slider elementor-column elementor-col-50 elementor-top-column elementor-element elementor-element-74345c8 ae-bg-gallery-type-default\" data-id=\"74345c8\" data-element_type=\"column\" data-e-type=\"column\">\n\t\t\t<div class=\"elementor-widget-wrap\">\n\t\t\t\t\t\t\t<\/div>\n\t\t<\/div>\n\t\t\t\t\t<\/div>\n\t\t<\/section>\n\t\t\t\t<section class=\"has_ae_slider elementor-section elementor-top-section elementor-element elementor-element-24a9b1d elementor-section-boxed elementor-section-height-default elementor-section-height-default ae-bg-gallery-type-default\" data-id=\"24a9b1d\" data-element_type=\"section\" data-e-type=\"section\" data-settings=\"{&quot;jet_parallax_layout_list&quot;:[{&quot;jet_parallax_layout_image&quot;:{&quot;url&quot;:&quot;&quot;,&quot;id&quot;:&quot;&quot;,&quot;size&quot;:&quot;&quot;},&quot;_id&quot;:&quot;bfa1de2&quot;,&quot;jet_parallax_layout_image_tablet&quot;:{&quot;url&quot;:&quot;&quot;,&quot;id&quot;:&quot;&quot;,&quot;size&quot;:&quot;&quot;},&quot;jet_parallax_layout_image_mobile&quot;:{&quot;url&quot;:&quot;&quot;,&quot;id&quot;:&quot;&quot;,&quot;size&quot;:&quot;&quot;},&quot;jet_parallax_layout_speed&quot;:{&quot;unit&quot;:&quot;%&quot;,&quot;size&quot;:50,&quot;sizes&quot;:[]},&quot;jet_parallax_layout_type&quot;:&quot;scroll&quot;,&quot;jet_parallax_layout_direction&quot;:&quot;1&quot;,&quot;jet_parallax_layout_fx_direction&quot;:null,&quot;jet_parallax_layout_z_index&quot;:&quot;&quot;,&quot;jet_parallax_layout_bg_x&quot;:50,&quot;jet_parallax_layout_bg_x_tablet&quot;:&quot;&quot;,&quot;jet_parallax_layout_bg_x_mobile&quot;:&quot;&quot;,&quot;jet_parallax_layout_bg_y&quot;:50,&quot;jet_parallax_layout_bg_y_tablet&quot;:&quot;&quot;,&quot;jet_parallax_layout_bg_y_mobile&quot;:&quot;&quot;,&quot;jet_parallax_layout_bg_size&quot;:&quot;auto&quot;,&quot;jet_parallax_layout_bg_size_tablet&quot;:&quot;&quot;,&quot;jet_parallax_layout_bg_size_mobile&quot;:&quot;&quot;,&quot;jet_parallax_layout_animation_prop&quot;:&quot;transform&quot;,&quot;jet_parallax_layout_on&quot;:[&quot;desktop&quot;,&quot;tablet&quot;]}]}\">\n\t\t\t\t\t\t<div class=\"elementor-container elementor-column-gap-default\">\n\t\t\t\t\t<div class=\"has_ae_slider elementor-column elementor-col-100 elementor-top-column elementor-element elementor-element-7d451f4 ae-bg-gallery-type-default\" data-id=\"7d451f4\" data-element_type=\"column\" data-e-type=\"column\">\n\t\t\t<div class=\"elementor-widget-wrap elementor-element-populated\">\n\t\t\t\t\t\t<div class=\"elementor-element elementor-element-88b27d7 elementor-widget elementor-widget-heading\" data-id=\"88b27d7\" data-element_type=\"widget\" data-e-type=\"widget\" data-widget_type=\"heading.default\">\n\t\t\t\t<div class=\"elementor-widget-container\">\n\t\t\t\t\t<h2 class=\"elementor-heading-title elementor-size-default\">Confira documentos sobre o projeto GNR Mau\u00e1:<\/h2>\t\t\t\t<\/div>\n\t\t\t\t<\/div>\n\t\t\t\t\t<\/div>\n\t\t<\/div>\n\t\t\t\t\t<\/div>\n\t\t<\/section>\n\t\t\t\t<section class=\"has_ae_slider elementor-section elementor-top-section elementor-element elementor-element-19b5680 elementor-section-boxed elementor-section-height-default elementor-section-height-default ae-bg-gallery-type-default\" data-id=\"19b5680\" data-element_type=\"section\" data-e-type=\"section\" data-settings=\"{&quot;jet_parallax_layout_list&quot;:[]}\">\n\t\t\t\t\t\t<div class=\"elementor-container elementor-column-gap-default\">\n\t\t\t\t\t<div class=\"has_ae_slider elementor-column elementor-col-100 elementor-top-column elementor-element elementor-element-b566305 ae-bg-gallery-type-default\" data-id=\"b566305\" data-element_type=\"column\" data-e-type=\"column\">\n\t\t\t<div class=\"elementor-widget-wrap elementor-element-populated\">\n\t\t\t\t\t\t<section class=\"has_ae_slider elementor-section elementor-inner-section elementor-element elementor-element-b33b1ee elementor-section-boxed elementor-section-height-default elementor-section-height-default ae-bg-gallery-type-default\" data-id=\"b33b1ee\" data-element_type=\"section\" data-e-type=\"section\" data-settings=\"{&quot;jet_parallax_layout_list&quot;:[]}\">\n\t\t\t\t\t\t<div class=\"elementor-container elementor-column-gap-default\">\n\t\t\t\t\t<div class=\"has_ae_slider elementor-column elementor-col-100 elementor-inner-column elementor-element elementor-element-daf6239 ae-bg-gallery-type-default\" data-id=\"daf6239\" data-element_type=\"column\" data-e-type=\"column\">\n\t\t\t<div class=\"elementor-widget-wrap elementor-element-populated\">\n\t\t\t\t\t\t<div class=\"elementor-element elementor-element-8ce4334 elementor-widget elementor-widget-text-editor\" data-id=\"8ce4334\" data-element_type=\"widget\" data-e-type=\"widget\" data-widget_type=\"text-editor.default\">\n\t\t\t\t<div class=\"elementor-widget-container\">\n\t\t\t\t\t\t\t\t\t<p><span style=\"font-weight: bolder;\">An\u00fancio de In\u00edcio da Oferta P\u00fablica de Distribui\u00e7\u00e3o da 1\u00aa Emiss\u00e3o de Notas Comerciais<\/span>:<\/p><ul style=\"background-color: #ffffff; font-size: 18px; font-family: Texta, sans-serif;\"><li style=\"font-size: 18px;\">Publicado em 17\/03\/2026 \u2013\u00a0<a style=\"color: #030384;\" href=\"https:\/\/mdcenergia.com.br\/wp-content\/uploads\/2026\/03\/NC-Maua-Anuncio-de-Inicio-LFA-v.-publicacao.pdf\" target=\"_blank\" rel=\"noopener\">clique para acessar<\/a>.<\/li><\/ul>\t\t\t\t\t\t\t\t<\/div>\n\t\t\t\t<\/div>\n\t\t\t\t<div class=\"elementor-element elementor-element-1b665c0 elementor-widget elementor-widget-spacer\" data-id=\"1b665c0\" data-element_type=\"widget\" data-e-type=\"widget\" data-widget_type=\"spacer.default\">\n\t\t\t\t<div class=\"elementor-widget-container\">\n\t\t\t\t\t\t\t<div class=\"elementor-spacer\">\n\t\t\t<div class=\"elementor-spacer-inner\"><\/div>\n\t\t<\/div>\n\t\t\t\t\t\t<\/div>\n\t\t\t\t<\/div>\n\t\t\t\t\t<\/div>\n\t\t<\/div>\n\t\t\t\t\t<\/div>\n\t\t<\/section>\n\t\t\t\t<section class=\"has_ae_slider elementor-section elementor-inner-section elementor-element elementor-element-bbd73dc elementor-section-boxed elementor-section-height-default elementor-section-height-default ae-bg-gallery-type-default\" data-id=\"bbd73dc\" data-element_type=\"section\" data-e-type=\"section\" data-settings=\"{&quot;jet_parallax_layout_list&quot;:[]}\">\n\t\t\t\t\t\t<div class=\"elementor-container elementor-column-gap-default\">\n\t\t\t\t\t<div class=\"has_ae_slider elementor-column elementor-col-100 elementor-inner-column elementor-element elementor-element-d96c766 ae-bg-gallery-type-default\" data-id=\"d96c766\" data-element_type=\"column\" data-e-type=\"column\">\n\t\t\t<div class=\"elementor-widget-wrap elementor-element-populated\">\n\t\t\t\t\t\t<div class=\"elementor-element elementor-element-8dd1aea elementor-widget elementor-widget-text-editor\" data-id=\"8dd1aea\" data-element_type=\"widget\" data-e-type=\"widget\" data-widget_type=\"text-editor.default\">\n\t\t\t\t<div class=\"elementor-widget-container\">\n\t\t\t\t\t\t\t\t\t<p><span style=\"font-weight: bolder;\">An\u00fancio de Encerramento da Oferta P\u00fablica de Distribui\u00e7\u00e3o da 1\u00aa Emiss\u00e3o de Notas Comerciais<\/span>:<\/p><ul style=\"background-color: #ffffff; font-size: 18px; font-family: Texta, sans-serif;\"><li style=\"font-size: 18px;\">Publicado em 23\/03\/2026 \u2013\u00a0<a style=\"color: #030384;\" href=\"https:\/\/mdcenergia.com.br\/wp-content\/uploads\/2026\/03\/NC-Maua-Anuncio-de-Encerramento-v.-publicacao.pdf\" target=\"_blank\" rel=\"noopener\">clique para acessar<\/a>.<\/li><\/ul>\t\t\t\t\t\t\t\t<\/div>\n\t\t\t\t<\/div>\n\t\t\t\t\t<\/div>\n\t\t<\/div>\n\t\t\t\t\t<\/div>\n\t\t<\/section>\n\t\t\t\t<div class=\"elementor-element elementor-element-173703c elementor-widget elementor-widget-spacer\" data-id=\"173703c\" data-element_type=\"widget\" data-e-type=\"widget\" data-widget_type=\"spacer.default\">\n\t\t\t\t<div class=\"elementor-widget-container\">\n\t\t\t\t\t\t\t<div class=\"elementor-spacer\">\n\t\t\t<div class=\"elementor-spacer-inner\"><\/div>\n\t\t<\/div>\n\t\t\t\t\t\t<\/div>\n\t\t\t\t<\/div>\n\t\t\t\t\t<\/div>\n\t\t<\/div>\n\t\t\t\t\t<\/div>\n\t\t<\/section>\n\t\t\t\t<\/div>\n\t\t","protected":false},"excerpt":{"rendered":"<p>Rela\u00e7\u00e3o com Investidor &#8211; GNR Mau\u00e1 Projeto de purifica\u00e7\u00e3o de biometano localizado em S\u00e3o Paulo e fruto de uma parceria entre MDC Energia e Grupo Lara. Confira documentos sobre o projeto GNR Mau\u00e1: An\u00fancio de In\u00edcio da Oferta P\u00fablica de Distribui\u00e7\u00e3o da 1\u00aa Emiss\u00e3o de Notas Comerciais: Publicado em 17\/03\/2026 \u2013\u00a0clique para acessar. An\u00fancio de [&hellip;]<\/p>\n","protected":false},"author":17,"featured_media":4333,"parent":0,"menu_order":0,"comment_status":"closed","ping_status":"closed","template":"","meta":{"_acf_changed":false,"footnotes":""},"class_list":["post-4332","page","type-page","status-publish","has-post-thumbnail","hentry"],"acf":[],"yoast_head":"<!-- This site is optimized with the Yoast SEO plugin v27.5 - https:\/\/yoast.com\/product\/yoast-seo-wordpress\/ -->\n<title>MDC Energia - Rela\u00e7\u00e3o com Investidor GNR Mau\u00e1<\/title>\n<meta name=\"description\" content=\"Seja bem-vindo \u00e0 nossa p\u00e1gina de relacionamento com investidores, com informa\u00e7\u00f5es relevantes para nossos parceiros para o projeto GNR Mau\u00e1.\" \/>\n<meta name=\"robots\" content=\"index, follow, max-snippet:-1, max-image-preview:large, max-video-preview:-1\" \/>\n<link rel=\"canonical\" href=\"https:\/\/mdcenergia.com.br\/en\/rignrmaua\/\" \/>\n<meta property=\"og:locale\" content=\"en_US\" \/>\n<meta property=\"og:type\" content=\"article\" \/>\n<meta property=\"og:title\" content=\"MDC Energia - Rela\u00e7\u00e3o com Investidor GNR Mau\u00e1\" \/>\n<meta property=\"og:description\" content=\"Seja bem-vindo \u00e0 nossa p\u00e1gina de relacionamento com investidores, com informa\u00e7\u00f5es relevantes para nossos parceiros para o projeto GNR Mau\u00e1.\" \/>\n<meta property=\"og:url\" content=\"https:\/\/mdcenergia.com.br\/en\/rignrmaua\/\" \/>\n<meta property=\"og:site_name\" content=\"MDC - Energia - Holding\" \/>\n<meta property=\"article:modified_time\" content=\"2026-03-24T12:55:24+00:00\" \/>\n<meta property=\"og:image\" content=\"https:\/\/mdcenergia.com.br\/wp-content\/uploads\/2025\/08\/Design-sem-nome-1024x512.png\" \/>\n\t<meta property=\"og:image:width\" content=\"1024\" \/>\n\t<meta property=\"og:image:height\" content=\"512\" \/>\n\t<meta property=\"og:image:type\" content=\"image\/png\" \/>\n<meta name=\"twitter:card\" content=\"summary_large_image\" \/>\n<meta name=\"twitter:label1\" content=\"Est. reading time\" \/>\n\t<meta name=\"twitter:data1\" content=\"3 minutes\" \/>\n<script type=\"application\/ld+json\" class=\"yoast-schema-graph\">{\"@context\":\"https:\\\/\\\/schema.org\",\"@graph\":[{\"@type\":\"WebPage\",\"@id\":\"https:\\\/\\\/mdcenergia.com.br\\\/rignrmaua\\\/\",\"url\":\"https:\\\/\\\/mdcenergia.com.br\\\/rignrmaua\\\/\",\"name\":\"MDC Energia - Rela\u00e7\u00e3o com Investidor GNR Mau\u00e1\",\"isPartOf\":{\"@id\":\"https:\\\/\\\/mdcenergia.com.br\\\/#website\"},\"primaryImageOfPage\":{\"@id\":\"https:\\\/\\\/mdcenergia.com.br\\\/rignrmaua\\\/#primaryimage\"},\"image\":{\"@id\":\"https:\\\/\\\/mdcenergia.com.br\\\/rignrmaua\\\/#primaryimage\"},\"thumbnailUrl\":\"https:\\\/\\\/mdcenergia.com.br\\\/wp-content\\\/uploads\\\/2025\\\/08\\\/Design-sem-nome-scaled.png\",\"datePublished\":\"2025-08-29T18:52:00+00:00\",\"dateModified\":\"2026-03-24T12:55:24+00:00\",\"description\":\"Seja bem-vindo \u00e0 nossa p\u00e1gina de relacionamento com investidores, com informa\u00e7\u00f5es relevantes para nossos parceiros para o projeto GNR Mau\u00e1.\",\"breadcrumb\":{\"@id\":\"https:\\\/\\\/mdcenergia.com.br\\\/rignrmaua\\\/#breadcrumb\"},\"inLanguage\":\"en-US\",\"potentialAction\":[{\"@type\":\"ReadAction\",\"target\":[\"https:\\\/\\\/mdcenergia.com.br\\\/rignrmaua\\\/\"]}]},{\"@type\":\"ImageObject\",\"inLanguage\":\"en-US\",\"@id\":\"https:\\\/\\\/mdcenergia.com.br\\\/rignrmaua\\\/#primaryimage\",\"url\":\"https:\\\/\\\/mdcenergia.com.br\\\/wp-content\\\/uploads\\\/2025\\\/08\\\/Design-sem-nome-scaled.png\",\"contentUrl\":\"https:\\\/\\\/mdcenergia.com.br\\\/wp-content\\\/uploads\\\/2025\\\/08\\\/Design-sem-nome-scaled.png\",\"width\":2560,\"height\":1280},{\"@type\":\"BreadcrumbList\",\"@id\":\"https:\\\/\\\/mdcenergia.com.br\\\/rignrmaua\\\/#breadcrumb\",\"itemListElement\":[{\"@type\":\"ListItem\",\"position\":1,\"name\":\"In\u00edcio\",\"item\":\"https:\\\/\\\/mdcenergia.com.br\\\/\"},{\"@type\":\"ListItem\",\"position\":2,\"name\":\"Rela\u00e7\u00e3o com Investidor &#8211; GNR Mau\u00e1\"}]},{\"@type\":\"WebSite\",\"@id\":\"https:\\\/\\\/mdcenergia.com.br\\\/#website\",\"url\":\"https:\\\/\\\/mdcenergia.com.br\\\/\",\"name\":\"MDC - Energia - Holding\",\"description\":\"\",\"publisher\":{\"@id\":\"https:\\\/\\\/mdcenergia.com.br\\\/#organization\"},\"potentialAction\":[{\"@type\":\"SearchAction\",\"target\":{\"@type\":\"EntryPoint\",\"urlTemplate\":\"https:\\\/\\\/mdcenergia.com.br\\\/?s={search_term_string}\"},\"query-input\":{\"@type\":\"PropertyValueSpecification\",\"valueRequired\":true,\"valueName\":\"search_term_string\"}}],\"inLanguage\":\"en-US\"},{\"@type\":\"Organization\",\"@id\":\"https:\\\/\\\/mdcenergia.com.br\\\/#organization\",\"name\":\"MDC - Energia - Holding\",\"url\":\"https:\\\/\\\/mdcenergia.com.br\\\/\",\"logo\":{\"@type\":\"ImageObject\",\"inLanguage\":\"en-US\",\"@id\":\"https:\\\/\\\/mdcenergia.com.br\\\/#\\\/schema\\\/logo\\\/image\\\/\",\"url\":\"https:\\\/\\\/mdcenergia.com.br\\\/wp-content\\\/uploads\\\/2020\\\/02\\\/MDC_RGB_Horizontal_Tagline_Negativo.png\",\"contentUrl\":\"https:\\\/\\\/mdcenergia.com.br\\\/wp-content\\\/uploads\\\/2020\\\/02\\\/MDC_RGB_Horizontal_Tagline_Negativo.png\",\"width\":2194,\"height\":1212,\"caption\":\"MDC - Energia - Holding\"},\"image\":{\"@id\":\"https:\\\/\\\/mdcenergia.com.br\\\/#\\\/schema\\\/logo\\\/image\\\/\"}}]}<\/script>\n<!-- \/ Yoast SEO plugin. -->","yoast_head_json":{"title":"MDC Energia - Rela\u00e7\u00e3o com Investidor GNR Mau\u00e1","description":"Seja bem-vindo \u00e0 nossa p\u00e1gina de relacionamento com investidores, com informa\u00e7\u00f5es relevantes para nossos parceiros para o projeto GNR Mau\u00e1.","robots":{"index":"index","follow":"follow","max-snippet":"max-snippet:-1","max-image-preview":"max-image-preview:large","max-video-preview":"max-video-preview:-1"},"canonical":"https:\/\/mdcenergia.com.br\/en\/rignrmaua\/","og_locale":"en_US","og_type":"article","og_title":"MDC Energia - Rela\u00e7\u00e3o com Investidor GNR Mau\u00e1","og_description":"Seja bem-vindo \u00e0 nossa p\u00e1gina de relacionamento com investidores, com informa\u00e7\u00f5es relevantes para nossos parceiros para o projeto GNR Mau\u00e1.","og_url":"https:\/\/mdcenergia.com.br\/en\/rignrmaua\/","og_site_name":"MDC - Energia - Holding","article_modified_time":"2026-03-24T12:55:24+00:00","og_image":[{"width":1024,"height":512,"url":"https:\/\/mdcenergia.com.br\/wp-content\/uploads\/2025\/08\/Design-sem-nome-1024x512.png","type":"image\/png"}],"twitter_card":"summary_large_image","twitter_misc":{"Est. reading time":"3 minutes"},"schema":{"@context":"https:\/\/schema.org","@graph":[{"@type":"WebPage","@id":"https:\/\/mdcenergia.com.br\/rignrmaua\/","url":"https:\/\/mdcenergia.com.br\/rignrmaua\/","name":"MDC Energia - Rela\u00e7\u00e3o com Investidor GNR Mau\u00e1","isPartOf":{"@id":"https:\/\/mdcenergia.com.br\/#website"},"primaryImageOfPage":{"@id":"https:\/\/mdcenergia.com.br\/rignrmaua\/#primaryimage"},"image":{"@id":"https:\/\/mdcenergia.com.br\/rignrmaua\/#primaryimage"},"thumbnailUrl":"https:\/\/mdcenergia.com.br\/wp-content\/uploads\/2025\/08\/Design-sem-nome-scaled.png","datePublished":"2025-08-29T18:52:00+00:00","dateModified":"2026-03-24T12:55:24+00:00","description":"Seja bem-vindo \u00e0 nossa p\u00e1gina de relacionamento com investidores, com informa\u00e7\u00f5es relevantes para nossos parceiros para o projeto GNR Mau\u00e1.","breadcrumb":{"@id":"https:\/\/mdcenergia.com.br\/rignrmaua\/#breadcrumb"},"inLanguage":"en-US","potentialAction":[{"@type":"ReadAction","target":["https:\/\/mdcenergia.com.br\/rignrmaua\/"]}]},{"@type":"ImageObject","inLanguage":"en-US","@id":"https:\/\/mdcenergia.com.br\/rignrmaua\/#primaryimage","url":"https:\/\/mdcenergia.com.br\/wp-content\/uploads\/2025\/08\/Design-sem-nome-scaled.png","contentUrl":"https:\/\/mdcenergia.com.br\/wp-content\/uploads\/2025\/08\/Design-sem-nome-scaled.png","width":2560,"height":1280},{"@type":"BreadcrumbList","@id":"https:\/\/mdcenergia.com.br\/rignrmaua\/#breadcrumb","itemListElement":[{"@type":"ListItem","position":1,"name":"In\u00edcio","item":"https:\/\/mdcenergia.com.br\/"},{"@type":"ListItem","position":2,"name":"Rela\u00e7\u00e3o com Investidor &#8211; GNR Mau\u00e1"}]},{"@type":"WebSite","@id":"https:\/\/mdcenergia.com.br\/#website","url":"https:\/\/mdcenergia.com.br\/","name":"MDC - Energia - Holding","description":"","publisher":{"@id":"https:\/\/mdcenergia.com.br\/#organization"},"potentialAction":[{"@type":"SearchAction","target":{"@type":"EntryPoint","urlTemplate":"https:\/\/mdcenergia.com.br\/?s={search_term_string}"},"query-input":{"@type":"PropertyValueSpecification","valueRequired":true,"valueName":"search_term_string"}}],"inLanguage":"en-US"},{"@type":"Organization","@id":"https:\/\/mdcenergia.com.br\/#organization","name":"MDC - Energia - Holding","url":"https:\/\/mdcenergia.com.br\/","logo":{"@type":"ImageObject","inLanguage":"en-US","@id":"https:\/\/mdcenergia.com.br\/#\/schema\/logo\/image\/","url":"https:\/\/mdcenergia.com.br\/wp-content\/uploads\/2020\/02\/MDC_RGB_Horizontal_Tagline_Negativo.png","contentUrl":"https:\/\/mdcenergia.com.br\/wp-content\/uploads\/2020\/02\/MDC_RGB_Horizontal_Tagline_Negativo.png","width":2194,"height":1212,"caption":"MDC - Energia - Holding"},"image":{"@id":"https:\/\/mdcenergia.com.br\/#\/schema\/logo\/image\/"}}]}},"_links":{"self":[{"href":"https:\/\/mdcenergia.com.br\/en\/wp-json\/wp\/v2\/pages\/4332","targetHints":{"allow":["GET"]}}],"collection":[{"href":"https:\/\/mdcenergia.com.br\/en\/wp-json\/wp\/v2\/pages"}],"about":[{"href":"https:\/\/mdcenergia.com.br\/en\/wp-json\/wp\/v2\/types\/page"}],"author":[{"embeddable":true,"href":"https:\/\/mdcenergia.com.br\/en\/wp-json\/wp\/v2\/users\/17"}],"replies":[{"embeddable":true,"href":"https:\/\/mdcenergia.com.br\/en\/wp-json\/wp\/v2\/comments?post=4332"}],"version-history":[{"count":5,"href":"https:\/\/mdcenergia.com.br\/en\/wp-json\/wp\/v2\/pages\/4332\/revisions"}],"predecessor-version":[{"id":4503,"href":"https:\/\/mdcenergia.com.br\/en\/wp-json\/wp\/v2\/pages\/4332\/revisions\/4503"}],"wp:featuredmedia":[{"embeddable":true,"href":"https:\/\/mdcenergia.com.br\/en\/wp-json\/wp\/v2\/media\/4333"}],"wp:attachment":[{"href":"https:\/\/mdcenergia.com.br\/en\/wp-json\/wp\/v2\/media?parent=4332"}],"curies":[{"name":"wp","href":"https:\/\/api.w.org\/{rel}","templated":true}]}}